
{"id":27,"date":"2021-07-16T20:54:18","date_gmt":"2021-07-17T02:54:18","guid":{"rendered":"https:\/\/emedic.ucr.ac.cr\/PRODOCU\/?page_id=27"},"modified":"2021-08-05T11:18:10","modified_gmt":"2021-08-05T17:18:10","slug":"preguntas-frecuentes","status":"publish","type":"page","link":"https:\/\/emedic.ucr.ac.cr\/PRODOCU\/preguntas-frecuentes\/","title":{"rendered":"Preguntas frecuentes"},"content":{"rendered":"\t\t<div data-elementor-type=\"wp-page\" data-elementor-id=\"27\" class=\"elementor elementor-27\">\n\t\t\t\t\t\t<section class=\"elementor-section elementor-top-section elementor-element elementor-element-cdb4681 elementor-section-boxed elementor-section-height-default elementor-section-height-default\" data-id=\"cdb4681\" data-element_type=\"section\" data-e-type=\"section\">\n\t\t\t\t\t\t<div class=\"elementor-container elementor-column-gap-default\">\n\t\t\t\t\t<div class=\"elementor-column elementor-col-100 elementor-top-column elementor-element elementor-element-7dde4f4\" data-id=\"7dde4f4\" data-element_type=\"column\" data-e-type=\"column\">\n\t\t\t<div class=\"elementor-widget-wrap\">\n\t\t\t\t\t\t\t<\/div>\n\t\t<\/div>\n\t\t\t\t\t<\/div>\n\t\t<\/section>\n\t\t\t\t<section class=\"elementor-section elementor-top-section elementor-element elementor-element-4d0feb0 elementor-section-boxed elementor-section-height-default elementor-section-height-default\" data-id=\"4d0feb0\" data-element_type=\"section\" data-e-type=\"section\">\n\t\t\t\t\t\t<div class=\"elementor-container elementor-column-gap-default\">\n\t\t\t\t\t<div class=\"elementor-column elementor-col-100 elementor-top-column elementor-element elementor-element-f606732\" data-id=\"f606732\" data-element_type=\"column\" data-e-type=\"column\">\n\t\t\t<div class=\"elementor-widget-wrap elementor-element-populated\">\n\t\t\t\t\t\t<div class=\"elementor-element elementor-element-e6b4860 elementor-widget elementor-widget-text-editor\" data-id=\"e6b4860\" data-element_type=\"widget\" data-e-type=\"widget\" data-widget_type=\"text-editor.default\">\n\t\t\t\t<div class=\"elementor-widget-container\">\n\t\t\t\t\t\t\t\t\t<p><strong>1. \u00bfTiene alg\u00fan costo la Donaci\u00f3n para la familia del donante?\u00a0 <\/strong><\/p><p>El Programa de Donaci\u00f3n de Cuerpos de la Escuela de Medicina de la Universidad de Costa Rica, se har\u00e1 cargo de los gastos por traslado hasta las instalaciones de la Universidad.\u00a0<\/p><p>\u00a0<\/p><p><strong>2. \u00bfD\u00f3nde va el cuerpo del donante una vez que se produce el fallecimiento?\u00a0 <\/strong><\/p><p>El primer destino del cuerpo donado siempre ser\u00e1 el Laboratorio de Morgue y Necrobiolog\u00eda de la Escuela de Medicina. Posteriormente ser\u00e1 remitido a los laboratorios correspondientes para los fines docentes o de investigaci\u00f3n ya establecidos y que a su vez cumpla con los protocolos establecidos por la UCR.\u00a0<\/p><p>\u00a0<\/p><p><strong>3. Si se acepta mi cuerpo en el Programa, \u00bfqu\u00e9 sucede? <\/strong><\/p><p>En el momento que se certifique la muerte del donante, sus familiares o personas cercanas deber\u00e1n notificar al personal del Programa de Donaci\u00f3n v\u00eda telef\u00f3nica al 8831-2502 \u00f3 al 2511-8295 para informar acerca de la muerte del donante. Posteriormente se tomar\u00e1n las medidas pertinentes para trasladar el cuerpo del donante a las instalaciones de la Escuela de Medicina de la Universidad de Costa Rica.\u00a0<\/p><p>\u00a0<\/p><p><strong>4. \u00bfC\u00f3mo se va a utilizar el cuerpo de los donantes? <\/strong><\/p><p>Los cuerpos donados se utilizar\u00e1n en las \u00e1reas de investigaci\u00f3n y docencia, as\u00ed como en el desarrollo de nuevos procedimientos m\u00e9dicos y quir\u00fargicos. A su vez ayudar\u00e1 al impulso de otras disciplinas m\u00e9dicas, antropol\u00f3gicas, y forenses, entre otras.\u00a0<\/p><p>\u00a0<\/p><p><strong>5. \u00bfPuede una persona vender su cuerpo? <\/strong><\/p><p>No, la ley marca que la venta del cuerpo, \u00f3rganos y tejidos humanos es ILEGAL.\u00a0<\/p><p>\u00a0<\/p><p><strong>6. \u00bfEl donante o su familia recibir\u00e1 alg\u00fan honorario por la donaci\u00f3n del cuerpo?\u00a0 <\/strong><\/p><p>No, la Donaci\u00f3n de Cuerpos es un acto completamente altruista y no conlleva recompensa monetaria.\u00a0<\/p><p>\u00a0<\/p><p><strong>7. \u00bfEl donador puede cambiar su decisi\u00f3n en cualquier momento?<\/strong> \u00a0<\/p><p>Si, cualquier donador tiene la posibilidad de modificar su decisi\u00f3n. Deber\u00e1 notificarlo al Programa de Donaci\u00f3n de Cuerpos para cancelar el registro de donaci\u00f3n.\u00a0<\/p><p>\u00a0<\/p><p><strong>8. \u00bfEl donante o su familia recibir\u00e1 alg\u00fan honorario por la donaci\u00f3n del cuerpo?\u00a0 <\/strong><\/p><p>No, la Donaci\u00f3n de Cuerpos es un acto completamente altruista y no conlleva recompensa monetaria.<\/p>\t\t\t\t\t\t\t\t<\/div>\n\t\t\t\t<\/div>\n\t\t\t\t\t<\/div>\n\t\t<\/div>\n\t\t\t\t\t<\/div>\n\t\t<\/section>\n\t\t\t\t<\/div>\n\t\t","protected":false},"excerpt":{"rendered":"<p>1. \u00bfTiene alg\u00fan costo la Donaci\u00f3n para la familia del donante?\u00a0 El Programa de Donaci\u00f3n de Cuerpos de la Escuela de Medicina de la Universidad de Costa Rica, se har\u00e1 cargo de los gastos por traslado hasta las instalaciones de la Universidad.\u00a0 \u00a0 2. \u00bfD\u00f3nde va el cuerpo del donante una vez que se produce [&hellip;]<\/p>\n","protected":false},"author":1,"featured_media":0,"parent":0,"menu_order":0,"comment_status":"closed","ping_status":"closed","template":"elementor_theme","meta":{"footnotes":""},"class_list":["post-27","page","type-page","status-publish","hentry"],"_links":{"self":[{"href":"https:\/\/emedic.ucr.ac.cr\/PRODOCU\/wp-json\/wp\/v2\/pages\/27","targetHints":{"allow":["GET"]}}],"collection":[{"href":"https:\/\/emedic.ucr.ac.cr\/PRODOCU\/wp-json\/wp\/v2\/pages"}],"about":[{"href":"https:\/\/emedic.ucr.ac.cr\/PRODOCU\/wp-json\/wp\/v2\/types\/page"}],"author":[{"embeddable":true,"href":"https:\/\/emedic.ucr.ac.cr\/PRODOCU\/wp-json\/wp\/v2\/users\/1"}],"replies":[{"embeddable":true,"href":"https:\/\/emedic.ucr.ac.cr\/PRODOCU\/wp-json\/wp\/v2\/comments?post=27"}],"version-history":[{"count":16,"href":"https:\/\/emedic.ucr.ac.cr\/PRODOCU\/wp-json\/wp\/v2\/pages\/27\/revisions"}],"predecessor-version":[{"id":146,"href":"https:\/\/emedic.ucr.ac.cr\/PRODOCU\/wp-json\/wp\/v2\/pages\/27\/revisions\/146"}],"wp:attachment":[{"href":"https:\/\/emedic.ucr.ac.cr\/PRODOCU\/wp-json\/wp\/v2\/media?parent=27"}],"curies":[{"name":"wp","href":"https:\/\/api.w.org\/{rel}","templated":true}]}}