
{"id":17,"date":"2021-07-16T20:39:59","date_gmt":"2021-07-17T02:39:59","guid":{"rendered":"https:\/\/emedic.ucr.ac.cr\/PRODOCU\/?page_id=17"},"modified":"2021-08-05T19:27:35","modified_gmt":"2021-08-06T01:27:35","slug":"quienes-somos","status":"publish","type":"page","link":"https:\/\/emedic.ucr.ac.cr\/PRODOCU\/quienes-somos\/","title":{"rendered":"\u00bfQui\u00e9nes somos?"},"content":{"rendered":"\t\t<div data-elementor-type=\"wp-page\" data-elementor-id=\"17\" class=\"elementor elementor-17\">\n\t\t\t\t\t\t<section class=\"elementor-section elementor-top-section elementor-element elementor-element-01ab8dd elementor-section-boxed elementor-section-height-default elementor-section-height-default\" data-id=\"01ab8dd\" data-element_type=\"section\" data-e-type=\"section\">\n\t\t\t\t\t\t<div class=\"elementor-container elementor-column-gap-default\">\n\t\t\t\t\t<div class=\"elementor-column elementor-col-100 elementor-top-column elementor-element elementor-element-cc4e546\" data-id=\"cc4e546\" data-element_type=\"column\" data-e-type=\"column\">\n\t\t\t<div class=\"elementor-widget-wrap elementor-element-populated\">\n\t\t\t\t\t\t<div class=\"elementor-element elementor-element-a1ab414 elementor-widget elementor-widget-text-editor\" data-id=\"a1ab414\" data-element_type=\"widget\" data-e-type=\"widget\" data-widget_type=\"text-editor.default\">\n\t\t\t\t<div class=\"elementor-widget-container\">\n\t\t\t\t\t\t\t\t\t<p class=\"has-text-align-center\" data-wahfont=\"16\">Somos un programa integrado por un grupo de profesionales que de forma inter y transdisciplinaria buscan construir una cultura de Donaci\u00f3n de Cuerpos en la poblaci\u00f3n nacional.<\/p><p class=\"has-text-align-center\" data-wahfont=\"16\">Pretende, a su vez, generar una mejora en los servicios del \u00e1rea de salud del pa\u00eds, desde la docencia y la investigaci\u00f3n, adem\u00e1s vela por el uso digno y \u00e9tico de cada uno de los cuerpos donados.<\/p>\t\t\t\t\t\t\t\t<\/div>\n\t\t\t\t<\/div>\n\t\t\t\t\t<\/div>\n\t\t<\/div>\n\t\t\t\t\t<\/div>\n\t\t<\/section>\n\t\t\t\t<section class=\"elementor-section elementor-top-section elementor-element elementor-element-8a32545 elementor-section-boxed elementor-section-height-default elementor-section-height-default\" data-id=\"8a32545\" data-element_type=\"section\" data-e-type=\"section\">\n\t\t\t\t\t\t<div class=\"elementor-container elementor-column-gap-default\">\n\t\t\t\t\t<div class=\"elementor-column elementor-col-100 elementor-top-column elementor-element elementor-element-4122480\" data-id=\"4122480\" data-element_type=\"column\" data-e-type=\"column\">\n\t\t\t<div class=\"elementor-widget-wrap elementor-element-populated\">\n\t\t\t\t\t\t<div class=\"elementor-element elementor-element-94a44f4 elementor-widget elementor-widget-spacer\" data-id=\"94a44f4\" data-element_type=\"widget\" data-e-type=\"widget\" data-widget_type=\"spacer.default\">\n\t\t\t\t<div class=\"elementor-widget-container\">\n\t\t\t\t\t\t\t<div class=\"elementor-spacer\">\n\t\t\t<div class=\"elementor-spacer-inner\"><\/div>\n\t\t<\/div>\n\t\t\t\t\t\t<\/div>\n\t\t\t\t<\/div>\n\t\t\t\t\t<\/div>\n\t\t<\/div>\n\t\t\t\t\t<\/div>\n\t\t<\/section>\n\t\t\t\t<section class=\"elementor-section elementor-top-section elementor-element elementor-element-e4e72e3 elementor-section-boxed elementor-section-height-default elementor-section-height-default\" data-id=\"e4e72e3\" data-element_type=\"section\" data-e-type=\"section\">\n\t\t\t\t\t\t<div class=\"elementor-container elementor-column-gap-default\">\n\t\t\t\t\t<div class=\"elementor-column elementor-col-100 elementor-top-column elementor-element elementor-element-3049321\" data-id=\"3049321\" data-element_type=\"column\" data-e-type=\"column\">\n\t\t\t<div class=\"elementor-widget-wrap elementor-element-populated\">\n\t\t\t\t\t\t<div class=\"elementor-element elementor-element-e64c2ae elementor-widget elementor-widget-image\" data-id=\"e64c2ae\" data-element_type=\"widget\" data-e-type=\"widget\" data-widget_type=\"image.default\">\n\t\t\t\t<div class=\"elementor-widget-container\">\n\t\t\t\t\t\t\t\t\t\t\t\t\t\t\t<img fetchpriority=\"high\" decoding=\"async\" width=\"1024\" height=\"454\" src=\"https:\/\/emedic.ucr.ac.cr\/PRODOCU\/wp-content\/uploads\/2021\/07\/IMG_0701-1024x454.jpeg\" class=\"attachment-large size-large wp-image-110\" alt=\"Img 0701\" srcset=\"https:\/\/emedic.ucr.ac.cr\/PRODOCU\/wp-content\/uploads\/2021\/07\/IMG_0701-1024x454.jpeg 1024w, https:\/\/emedic.ucr.ac.cr\/PRODOCU\/wp-content\/uploads\/2021\/07\/IMG_0701-300x133.jpeg 300w, https:\/\/emedic.ucr.ac.cr\/PRODOCU\/wp-content\/uploads\/2021\/07\/IMG_0701-768x340.jpeg 768w, https:\/\/emedic.ucr.ac.cr\/PRODOCU\/wp-content\/uploads\/2021\/07\/IMG_0701-1536x681.jpeg 1536w, https:\/\/emedic.ucr.ac.cr\/PRODOCU\/wp-content\/uploads\/2021\/07\/IMG_0701-2048x908.jpeg 2048w\" sizes=\"(max-width: 1024px) 100vw, 1024px\" \/>\t\t\t\t\t\t\t\t\t\t\t\t\t\t\t<\/div>\n\t\t\t\t<\/div>\n\t\t\t\t\t<\/div>\n\t\t<\/div>\n\t\t\t\t\t<\/div>\n\t\t<\/section>\n\t\t\t\t<section class=\"elementor-section elementor-top-section elementor-element elementor-element-700df5d elementor-section-boxed elementor-section-height-default elementor-section-height-default\" data-id=\"700df5d\" data-element_type=\"section\" data-e-type=\"section\">\n\t\t\t\t\t\t<div class=\"elementor-container elementor-column-gap-default\">\n\t\t\t\t\t<div class=\"elementor-column elementor-col-100 elementor-top-column elementor-element elementor-element-5522a00\" data-id=\"5522a00\" data-element_type=\"column\" data-e-type=\"column\">\n\t\t\t<div class=\"elementor-widget-wrap elementor-element-populated\">\n\t\t\t\t\t\t<div class=\"elementor-element elementor-element-0ad17d2 elementor-widget elementor-widget-spacer\" data-id=\"0ad17d2\" data-element_type=\"widget\" data-e-type=\"widget\" data-widget_type=\"spacer.default\">\n\t\t\t\t<div class=\"elementor-widget-container\">\n\t\t\t\t\t\t\t<div class=\"elementor-spacer\">\n\t\t\t<div class=\"elementor-spacer-inner\"><\/div>\n\t\t<\/div>\n\t\t\t\t\t\t<\/div>\n\t\t\t\t<\/div>\n\t\t\t\t\t<\/div>\n\t\t<\/div>\n\t\t\t\t\t<\/div>\n\t\t<\/section>\n\t\t\t\t<section class=\"elementor-section elementor-top-section elementor-element elementor-element-2abc818 elementor-section-boxed elementor-section-height-default elementor-section-height-default\" data-id=\"2abc818\" data-element_type=\"section\" data-e-type=\"section\">\n\t\t\t\t\t\t<div class=\"elementor-container elementor-column-gap-default\">\n\t\t\t\t\t<div class=\"elementor-column elementor-col-100 elementor-top-column elementor-element elementor-element-8cca6cc\" data-id=\"8cca6cc\" data-element_type=\"column\" data-e-type=\"column\">\n\t\t\t<div class=\"elementor-widget-wrap elementor-element-populated\">\n\t\t\t\t\t\t<div class=\"elementor-element elementor-element-2d13619 elementor-widget elementor-widget-spacer\" data-id=\"2d13619\" data-element_type=\"widget\" data-e-type=\"widget\" data-widget_type=\"spacer.default\">\n\t\t\t\t<div class=\"elementor-widget-container\">\n\t\t\t\t\t\t\t<div class=\"elementor-spacer\">\n\t\t\t<div class=\"elementor-spacer-inner\"><\/div>\n\t\t<\/div>\n\t\t\t\t\t\t<\/div>\n\t\t\t\t<\/div>\n\t\t\t\t\t<\/div>\n\t\t<\/div>\n\t\t\t\t\t<\/div>\n\t\t<\/section>\n\t\t\t\t<section class=\"elementor-section elementor-top-section elementor-element elementor-element-4ed9068 elementor-section-boxed elementor-section-height-default elementor-section-height-default\" data-id=\"4ed9068\" data-element_type=\"section\" data-e-type=\"section\">\n\t\t\t\t\t\t<div class=\"elementor-container elementor-column-gap-default\">\n\t\t\t\t\t<div class=\"elementor-column elementor-col-50 elementor-top-column elementor-element elementor-element-2dec436\" data-id=\"2dec436\" data-element_type=\"column\" data-e-type=\"column\">\n\t\t\t<div class=\"elementor-widget-wrap elementor-element-populated\">\n\t\t\t\t\t\t<div class=\"elementor-element elementor-element-87729d9 elementor-widget elementor-widget-text-editor\" data-id=\"87729d9\" data-element_type=\"widget\" data-e-type=\"widget\" data-widget_type=\"text-editor.default\">\n\t\t\t\t<div class=\"elementor-widget-container\">\n\t\t\t\t\t\t\t\t\t<p>Busca fortalecer la docencia y la investigaci\u00f3n para el desarrollo de t\u00e9cnicas quir\u00fargicas y m\u00e9dicas, adem\u00e1s de coordinar la disponibilidad de donantes de cuerpo entero, que permitan una mejora general en el \u00e1rea de la salud del pa\u00eds. \u00a0<\/p>\t\t\t\t\t\t\t\t<\/div>\n\t\t\t\t<\/div>\n\t\t\t\t\t<\/div>\n\t\t<\/div>\n\t\t\t\t<div class=\"elementor-column elementor-col-50 elementor-top-column elementor-element elementor-element-8856b6a\" data-id=\"8856b6a\" data-element_type=\"column\" data-e-type=\"column\">\n\t\t\t<div class=\"elementor-widget-wrap elementor-element-populated\">\n\t\t\t\t\t\t<div class=\"elementor-element elementor-element-ebfd254 elementor-widget elementor-widget-image\" data-id=\"ebfd254\" data-element_type=\"widget\" data-e-type=\"widget\" data-widget_type=\"image.default\">\n\t\t\t\t<div class=\"elementor-widget-container\">\n\t\t\t\t\t\t\t\t\t\t\t\t\t\t\t<img decoding=\"async\" width=\"305\" height=\"291\" src=\"https:\/\/emedic.ucr.ac.cr\/PRODOCU\/wp-content\/uploads\/2021\/08\/MISION.png\" class=\"attachment-large size-large wp-image-231\" alt=\"Misi\u00d3n\" srcset=\"https:\/\/emedic.ucr.ac.cr\/PRODOCU\/wp-content\/uploads\/2021\/08\/MISION.png 305w, https:\/\/emedic.ucr.ac.cr\/PRODOCU\/wp-content\/uploads\/2021\/08\/MISION-300x286.png 300w\" sizes=\"(max-width: 305px) 100vw, 305px\" \/>\t\t\t\t\t\t\t\t\t\t\t\t\t\t\t<\/div>\n\t\t\t\t<\/div>\n\t\t\t\t\t<\/div>\n\t\t<\/div>\n\t\t\t\t\t<\/div>\n\t\t<\/section>\n\t\t\t\t<section class=\"elementor-section elementor-top-section elementor-element elementor-element-d93279a elementor-section-boxed elementor-section-height-default elementor-section-height-default\" data-id=\"d93279a\" data-element_type=\"section\" data-e-type=\"section\">\n\t\t\t\t\t\t<div class=\"elementor-container elementor-column-gap-default\">\n\t\t\t\t\t<div class=\"elementor-column elementor-col-100 elementor-top-column elementor-element elementor-element-70bd006\" data-id=\"70bd006\" data-element_type=\"column\" data-e-type=\"column\">\n\t\t\t<div class=\"elementor-widget-wrap elementor-element-populated\">\n\t\t\t\t\t\t<div class=\"elementor-element elementor-element-3160050 elementor-widget elementor-widget-spacer\" data-id=\"3160050\" data-element_type=\"widget\" data-e-type=\"widget\" data-widget_type=\"spacer.default\">\n\t\t\t\t<div class=\"elementor-widget-container\">\n\t\t\t\t\t\t\t<div class=\"elementor-spacer\">\n\t\t\t<div class=\"elementor-spacer-inner\"><\/div>\n\t\t<\/div>\n\t\t\t\t\t\t<\/div>\n\t\t\t\t<\/div>\n\t\t\t\t\t<\/div>\n\t\t<\/div>\n\t\t\t\t\t<\/div>\n\t\t<\/section>\n\t\t\t\t<section class=\"elementor-section elementor-top-section elementor-element elementor-element-092dee2 elementor-section-boxed elementor-section-height-default elementor-section-height-default\" data-id=\"092dee2\" data-element_type=\"section\" data-e-type=\"section\">\n\t\t\t\t\t\t<div class=\"elementor-container elementor-column-gap-default\">\n\t\t\t\t\t<div class=\"elementor-column elementor-col-50 elementor-top-column elementor-element elementor-element-b8e512c\" data-id=\"b8e512c\" data-element_type=\"column\" data-e-type=\"column\">\n\t\t\t<div class=\"elementor-widget-wrap elementor-element-populated\">\n\t\t\t\t\t\t<div class=\"elementor-element elementor-element-8e10c89 elementor-widget elementor-widget-image\" data-id=\"8e10c89\" data-element_type=\"widget\" data-e-type=\"widget\" data-widget_type=\"image.default\">\n\t\t\t\t<div class=\"elementor-widget-container\">\n\t\t\t\t\t\t\t\t\t\t\t\t\t\t\t<img decoding=\"async\" width=\"305\" height=\"291\" src=\"https:\/\/emedic.ucr.ac.cr\/PRODOCU\/wp-content\/uploads\/2021\/08\/VISION.png\" class=\"attachment-large size-large wp-image-233\" alt=\"Visi\u00d3n\" srcset=\"https:\/\/emedic.ucr.ac.cr\/PRODOCU\/wp-content\/uploads\/2021\/08\/VISION.png 305w, https:\/\/emedic.ucr.ac.cr\/PRODOCU\/wp-content\/uploads\/2021\/08\/VISION-300x286.png 300w\" sizes=\"(max-width: 305px) 100vw, 305px\" \/>\t\t\t\t\t\t\t\t\t\t\t\t\t\t\t<\/div>\n\t\t\t\t<\/div>\n\t\t\t\t\t<\/div>\n\t\t<\/div>\n\t\t\t\t<div class=\"elementor-column elementor-col-50 elementor-top-column elementor-element elementor-element-3e34f5b\" data-id=\"3e34f5b\" data-element_type=\"column\" data-e-type=\"column\">\n\t\t\t<div class=\"elementor-widget-wrap elementor-element-populated\">\n\t\t\t\t\t\t<div class=\"elementor-element elementor-element-0837f4c elementor-widget elementor-widget-text-editor\" data-id=\"0837f4c\" data-element_type=\"widget\" data-e-type=\"widget\" data-widget_type=\"text-editor.default\">\n\t\t\t\t<div class=\"elementor-widget-container\">\n\t\t\t\t\t\t\t\t\t<p>Ser un programa que fortalezca los valores del humanismo y el respeto por la vida, adem\u00e1s de administrar los procesos docentes y de investigaci\u00f3n para desarrollar nuevas t\u00e9cnicas quir\u00fargicas y de investigaci\u00f3n por medio de la anatom\u00eda humana.\u00a0<\/p>\t\t\t\t\t\t\t\t<\/div>\n\t\t\t\t<\/div>\n\t\t\t\t\t<\/div>\n\t\t<\/div>\n\t\t\t\t\t<\/div>\n\t\t<\/section>\n\t\t\t\t<section class=\"elementor-section elementor-top-section elementor-element elementor-element-3cce915 elementor-section-boxed elementor-section-height-default elementor-section-height-default\" data-id=\"3cce915\" data-element_type=\"section\" data-e-type=\"section\">\n\t\t\t\t\t\t<div class=\"elementor-container elementor-column-gap-default\">\n\t\t\t\t\t<div class=\"elementor-column elementor-col-100 elementor-top-column elementor-element elementor-element-a586186\" data-id=\"a586186\" data-element_type=\"column\" data-e-type=\"column\">\n\t\t\t<div class=\"elementor-widget-wrap elementor-element-populated\">\n\t\t\t\t\t\t<div class=\"elementor-element elementor-element-9f3a2ac elementor-widget elementor-widget-spacer\" data-id=\"9f3a2ac\" data-element_type=\"widget\" data-e-type=\"widget\" data-widget_type=\"spacer.default\">\n\t\t\t\t<div class=\"elementor-widget-container\">\n\t\t\t\t\t\t\t<div class=\"elementor-spacer\">\n\t\t\t<div class=\"elementor-spacer-inner\"><\/div>\n\t\t<\/div>\n\t\t\t\t\t\t<\/div>\n\t\t\t\t<\/div>\n\t\t\t\t\t<\/div>\n\t\t<\/div>\n\t\t\t\t\t<\/div>\n\t\t<\/section>\n\t\t\t\t<section class=\"elementor-section elementor-top-section elementor-element elementor-element-b158046 elementor-section-boxed elementor-section-height-default elementor-section-height-default\" data-id=\"b158046\" data-element_type=\"section\" data-e-type=\"section\">\n\t\t\t\t\t\t<div class=\"elementor-container elementor-column-gap-default\">\n\t\t\t\t\t<div class=\"elementor-column elementor-col-50 elementor-top-column elementor-element elementor-element-c636909\" data-id=\"c636909\" data-element_type=\"column\" data-e-type=\"column\">\n\t\t\t<div class=\"elementor-widget-wrap elementor-element-populated\">\n\t\t\t\t\t\t<div class=\"elementor-element elementor-element-337ba5e elementor-widget elementor-widget-text-editor\" data-id=\"337ba5e\" data-element_type=\"widget\" data-e-type=\"widget\" data-widget_type=\"text-editor.default\">\n\t\t\t\t<div class=\"elementor-widget-container\">\n\t\t\t\t\t\t\t\t\t<p>Asegurar la disponibilidad de cuerpos, con fines docentes y de investigaci\u00f3n, para desarrollar nuevos tratamientos m\u00e9dicos, t\u00e9cnicas quir\u00fargicas y dispositivos biom\u00e9dicos, as\u00ed como perfeccionar t\u00e9cnicas m\u00e9dicas y forenses, todo en beneficio de la salud del pa\u00eds.<\/p>\t\t\t\t\t\t\t\t<\/div>\n\t\t\t\t<\/div>\n\t\t\t\t\t<\/div>\n\t\t<\/div>\n\t\t\t\t<div class=\"elementor-column elementor-col-50 elementor-top-column elementor-element elementor-element-c895509\" data-id=\"c895509\" data-element_type=\"column\" data-e-type=\"column\">\n\t\t\t<div class=\"elementor-widget-wrap elementor-element-populated\">\n\t\t\t\t\t\t<div class=\"elementor-element elementor-element-518ea7d elementor-widget elementor-widget-image\" data-id=\"518ea7d\" data-element_type=\"widget\" data-e-type=\"widget\" data-widget_type=\"image.default\">\n\t\t\t\t<div class=\"elementor-widget-container\">\n\t\t\t\t\t\t\t\t\t\t\t\t\t\t\t<img loading=\"lazy\" decoding=\"async\" width=\"305\" height=\"291\" src=\"https:\/\/emedic.ucr.ac.cr\/PRODOCU\/wp-content\/uploads\/2021\/08\/OBJETIVO.png\" class=\"attachment-large size-large wp-image-232\" alt=\"Objetivo\" srcset=\"https:\/\/emedic.ucr.ac.cr\/PRODOCU\/wp-content\/uploads\/2021\/08\/OBJETIVO.png 305w, https:\/\/emedic.ucr.ac.cr\/PRODOCU\/wp-content\/uploads\/2021\/08\/OBJETIVO-300x286.png 300w\" sizes=\"(max-width: 305px) 100vw, 305px\" \/>\t\t\t\t\t\t\t\t\t\t\t\t\t\t\t<\/div>\n\t\t\t\t<\/div>\n\t\t\t\t\t<\/div>\n\t\t<\/div>\n\t\t\t\t\t<\/div>\n\t\t<\/section>\n\t\t\t\t<\/div>\n\t\t","protected":false},"excerpt":{"rendered":"<p>Somos un programa integrado por un grupo de profesionales que de forma inter y transdisciplinaria buscan construir una cultura de Donaci\u00f3n de Cuerpos en la poblaci\u00f3n nacional. Pretende, a su vez, generar una mejora en los servicios del \u00e1rea de salud del pa\u00eds, desde la docencia y la investigaci\u00f3n, adem\u00e1s vela por el uso digno [&hellip;]<\/p>\n","protected":false},"author":1,"featured_media":0,"parent":0,"menu_order":0,"comment_status":"closed","ping_status":"closed","template":"elementor_theme","meta":{"footnotes":""},"class_list":["post-17","page","type-page","status-publish","hentry"],"_links":{"self":[{"href":"https:\/\/emedic.ucr.ac.cr\/PRODOCU\/wp-json\/wp\/v2\/pages\/17","targetHints":{"allow":["GET"]}}],"collection":[{"href":"https:\/\/emedic.ucr.ac.cr\/PRODOCU\/wp-json\/wp\/v2\/pages"}],"about":[{"href":"https:\/\/emedic.ucr.ac.cr\/PRODOCU\/wp-json\/wp\/v2\/types\/page"}],"author":[{"embeddable":true,"href":"https:\/\/emedic.ucr.ac.cr\/PRODOCU\/wp-json\/wp\/v2\/users\/1"}],"replies":[{"embeddable":true,"href":"https:\/\/emedic.ucr.ac.cr\/PRODOCU\/wp-json\/wp\/v2\/comments?post=17"}],"version-history":[{"count":4,"href":"https:\/\/emedic.ucr.ac.cr\/PRODOCU\/wp-json\/wp\/v2\/pages\/17\/revisions"}],"predecessor-version":[{"id":236,"href":"https:\/\/emedic.ucr.ac.cr\/PRODOCU\/wp-json\/wp\/v2\/pages\/17\/revisions\/236"}],"wp:attachment":[{"href":"https:\/\/emedic.ucr.ac.cr\/PRODOCU\/wp-json\/wp\/v2\/media?parent=17"}],"curies":[{"name":"wp","href":"https:\/\/api.w.org\/{rel}","templated":true}]}}